{"id":15524,"date":"2022-01-14T21:57:10","date_gmt":"2022-01-14T20:57:10","guid":{"rendered":"https:\/\/directit.pl\/contact\/"},"modified":"2026-02-08T13:51:33","modified_gmt":"2026-02-08T12:51:33","slug":"contact","status":"publish","type":"page","link":"https:\/\/directit.pl\/en\/contact\/","title":{"rendered":"Contact"},"content":{"rendered":"\t\t<div data-elementor-type=\"wp-page\" data-elementor-id=\"15524\" class=\"elementor elementor-15524 elementor-8012\">\n\t\t\t\t\t\t<section class=\"elementor-section elementor-top-section elementor-element elementor-element-7f7674f3 ot-traditional elementor-section-boxed elementor-section-height-default elementor-section-height-default\" data-id=\"7f7674f3\" data-element_type=\"section\" data-e-type=\"section\">\n\t\t\t\t\t\t<div class=\"elementor-container elementor-column-gap-default\">\n\t\t\t\t\t<div class=\"elementor-column elementor-col-100 elementor-top-column elementor-element elementor-element-3544a880 ot-flex-column-vertical\" data-id=\"3544a880\" data-element_type=\"column\" data-e-type=\"column\">\n\t\t\t<div class=\"elementor-widget-wrap elementor-element-populated\">\n\t\t\t\t\t\t<div class=\"elementor-element elementor-element-70f79af8 elementor-widget elementor-widget-heading\" data-id=\"70f79af8\" data-element_type=\"widget\" data-e-type=\"widget\" data-widget_type=\"heading.default\">\n\t\t\t\t<div class=\"elementor-widget-container\">\n\t\t\t\t\t<h1 class=\"elementor-heading-title elementor-size-default\">Contact<\/h1>\t\t\t\t<\/div>\n\t\t\t\t<\/div>\n\t\t\t\t<div class=\"elementor-element elementor-element-7c43bd0 elementor-widget elementor-widget-shortcode\" data-id=\"7c43bd0\" data-element_type=\"widget\" data-e-type=\"widget\" data-widget_type=\"shortcode.default\">\n\t\t\t\t<div class=\"elementor-widget-container\">\n\t\t\t\t\t\t\t<div class=\"elementor-shortcode\"><!-- WPForms: no fields, form hidden --><\/div>\n\t\t\t\t\t\t<\/div>\n\t\t\t\t<\/div>\n\t\t\t\t<div class=\"elementor-element elementor-element-26bd4e0c elementor-widget elementor-widget-ictf7\" data-id=\"26bd4e0c\" data-element_type=\"widget\" data-e-type=\"widget\" data-widget_type=\"ictf7.default\">\n\t\t\t\t<div class=\"elementor-widget-container\">\n\t\t\t\t\t<div class=\"elementor-shortcode engitech-cf7-0\">\n<div class=\"wpcf7 no-js\" id=\"wpcf7-f7129-o1\" lang=\"pl-PL\" dir=\"ltr\" data-wpcf7-id=\"7129\">\n<div class=\"screen-reader-response\"><p role=\"status\" aria-live=\"polite\" aria-atomic=\"true\"><\/p> <ul><\/ul><\/div>\n<form action=\"\/en\/wp-json\/wp\/v2\/pages\/15524#wpcf7-f7129-o1\" method=\"post\" class=\"wpcf7-form init\" aria-label=\"Formularz kontaktowy\" novalidate=\"novalidate\" data-status=\"init\">\n<fieldset class=\"hidden-fields-container\"><input type=\"hidden\" name=\"_wpcf7\" value=\"7129\" \/><input type=\"hidden\" name=\"_wpcf7_version\" value=\"6.1.5\" \/><input type=\"hidden\" name=\"_wpcf7_locale\" value=\"pl_PL\" \/><input type=\"hidden\" name=\"_wpcf7_unit_tag\" value=\"wpcf7-f7129-o1\" \/><input type=\"hidden\" name=\"_wpcf7_container_post\" value=\"0\" \/><input type=\"hidden\" name=\"_wpcf7_posted_data_hash\" value=\"\" \/><input type=\"hidden\" name=\"_wpcf7_recaptcha_response\" value=\"\" \/>\n<\/fieldset>\n<p class=\"font14\">*Pola wymagane\n<\/p>\n<div class=\"row\">\n\t<p class=\"col-md-6\"><span class=\"wpcf7-form-control-wrap\" data-name=\"your-email\"><input size=\"40\" maxlength=\"400\" class=\"wpcf7-form-control wpcf7-email wpcf7-validates-as-required wpcf7-text wpcf7-validates-as-email\" aria-required=\"true\" aria-invalid=\"false\" placeholder=\"Email*\" value=\"\" type=\"email\" name=\"your-email\" \/><\/span>\n\t<\/p>\n\t<p class=\"col-md-6\"><span class=\"wpcf7-form-control-wrap\" data-name=\"tel-85\"><input size=\"40\" maxlength=\"400\" class=\"wpcf7-form-control wpcf7-tel wpcf7-text wpcf7-validates-as-tel\" aria-invalid=\"false\" placeholder=\"Telefon\" value=\"\" type=\"tel\" name=\"tel-85\" \/><\/span>\n\t<\/p>\n<\/div>\n<p><span class=\"wpcf7-form-control-wrap\" data-name=\"your-name\"><input size=\"40\" maxlength=\"400\" class=\"wpcf7-form-control wpcf7-text wpcf7-validates-as-required\" aria-required=\"true\" aria-invalid=\"false\" placeholder=\"Firma*\" value=\"\" type=\"text\" name=\"your-name\" \/><\/span>\n<\/p>\n<p><span class=\"wpcf7-form-control-wrap\" data-name=\"your-message\"><textarea cols=\"40\" rows=\"10\" maxlength=\"2000\" class=\"wpcf7-form-control wpcf7-textarea wpcf7-validates-as-required\" aria-required=\"true\" aria-invalid=\"false\" placeholder=\"Tre\u015b\u0107 wiadomo\u015bci*\" name=\"your-message\"><\/textarea><\/span>\n<\/p>\n<p><span class=\"wpcf7-form-control-wrap\" data-name=\"acceptance-959\"><span class=\"wpcf7-form-control wpcf7-acceptance\"><span class=\"wpcf7-list-item\"><label><input type=\"checkbox\" name=\"acceptance-959\" value=\"1\" aria-invalid=\"false\" \/><span class=\"wpcf7-list-item-label\">Wyra\u017cam zgod\u0119 na przetwarzanie moich danych osobowych w celu przedstawienia mi informacji handlowej dotycz\u0105cej oferty Direct IT, je\u015bli wymaga tego odpowied\u017a na moje zapytanie.<\/span><\/label><\/span><\/span><\/span>\n<\/p>\n<p class=\"font14\">Administratorem danych osobowych jest Direct IT sp\u00f3\u0142ka z ograniczon\u0105 odpowiedzialno\u015bci\u0105, ul. Jana Henryka D\u0105browskiego 273A, 60-406 Pozna\u0144, e-mail: rodo@directit.pl. Zach\u0119camy Ci\u0119 do zapoznania si\u0119 z nasz\u0105 <a href=\"\/o-nas\/polityka-prywatnosci\" target=\"_blank\">Polityk\u0105 Prywatno\u015bci<\/a>, w kt\u00f3rej informujemy o celu, okresie i podstawach prawnych przetwarzania danych osobowych, a tak\u017ce o prawach, jakie przys\u0142uguj\u0105 osobom, kt\u00f3rych przetwarzane dane osobowe dotycz\u0105, i podmiotach, z kt\u00f3rymi wsp\u00f3\u0142pracujemy w ramach przetwarzania danych.\n<\/p>\n<p><button type=\"submit\" class=\"octf-btn\">Wy\u015blij<\/button>\n<\/p><div class=\"wpcf7-response-output\" aria-hidden=\"true\"><\/div>\n<\/form>\n<\/div>\n<\/div>\t\t\t\t<\/div>\n\t\t\t\t<\/div>\n\t\t\t\t\t<\/div>\n\t\t<\/div>\n\t\t\t\t\t<\/div>\n\t\t<\/section>\n\t\t\t\t<section class=\"elementor-section elementor-top-section elementor-element elementor-element-4d5a28e ot-traditional elementor-section-boxed elementor-section-height-default elementor-section-height-default\" data-id=\"4d5a28e\" data-element_type=\"section\" data-e-type=\"section\">\n\t\t\t\t\t\t<div class=\"elementor-container elementor-column-gap-default\">\n\t\t\t\t\t<div class=\"elementor-column elementor-col-100 elementor-top-column elementor-element elementor-element-8d38dfc ot-flex-column-vertical\" data-id=\"8d38dfc\" data-element_type=\"column\" data-e-type=\"column\">\n\t\t\t<div class=\"elementor-widget-wrap elementor-element-populated\">\n\t\t\t\t\t\t<div class=\"elementor-element elementor-element-a1a4381 elementor-widget elementor-widget-image\" data-id=\"a1a4381\" data-element_type=\"widget\" data-e-type=\"widget\" data-widget_type=\"image.default\">\n\t\t\t\t<div class=\"elementor-widget-container\">\n\t\t\t\t\t\t\t\t\t\t\t\t\t\t\t<img decoding=\"async\" width=\"300\" height=\"87\" src=\"https:\/\/directit.pl\/wp-content\/uploads\/2021\/11\/DIT-logo-poziom-1-300x87.png\" class=\"attachment-medium size-medium wp-image-15523\" alt=\"\" srcset=\"https:\/\/directit.pl\/wp-content\/uploads\/2021\/11\/DIT-logo-poziom-1-300x87.png 300w, https:\/\/directit.pl\/wp-content\/uploads\/2021\/11\/DIT-logo-poziom-1-1024x298.png 1024w, https:\/\/directit.pl\/wp-content\/uploads\/2021\/11\/DIT-logo-poziom-1-768x223.png 768w, https:\/\/directit.pl\/wp-content\/uploads\/2021\/11\/DIT-logo-poziom-1-1536x446.png 1536w, https:\/\/directit.pl\/wp-content\/uploads\/2021\/11\/DIT-logo-poziom-1-18x5.png 18w, https:\/\/directit.pl\/wp-content\/uploads\/2021\/11\/DIT-logo-poziom-1-720x209.png 720w, https:\/\/directit.pl\/wp-content\/uploads\/2021\/11\/DIT-logo-poziom-1.png 1648w\" sizes=\"(max-width: 300px) 100vw, 300px\" \/>\t\t\t\t\t\t\t\t\t\t\t\t\t\t\t<\/div>\n\t\t\t\t<\/div>\n\t\t\t\t<div class=\"elementor-element elementor-element-abf87d0 elementor-widget elementor-widget-text-editor\" data-id=\"abf87d0\" data-element_type=\"widget\" data-e-type=\"widget\" data-widget_type=\"text-editor.default\">\n\t\t\t\t<div class=\"elementor-widget-container\">\n\t\t\t\t\t\t\t\t\t<p style=\"text-align: center;\"><strong>Email: <\/strong><a href=\"mailto:biuro@directit.pl\">biuro@directit.pl <\/a><br><strong>Phone:<\/strong> <a href=\"tel:+48616460870\">+48 61 646 08 70<\/a><\/p><p style=\"text-align: center;\"><strong>Direct IT Sp. z o.o.<br>Address:<\/strong> ul. Jana Henryka D\u0105browskiego 273A, 60-406 Pozna\u0144 <br><strong>Tax ID:<\/strong> 7831659277<br><strong>REGON:<\/strong> 301449684<br><strong>Bank account number:<\/strong> 17 2490 0005 0000 4520 1461 7322<\/p>\t\t\t\t\t\t\t\t<\/div>\n\t\t\t\t<\/div>\n\t\t\t\t\t<\/div>\n\t\t<\/div>\n\t\t\t\t\t<\/div>\n\t\t<\/section>\n\t\t\t\t<\/div>\n\t\t","protected":false},"excerpt":{"rendered":"<p>Contact *Pola wymagane Wyra\u017cam zgod\u0119 na przetwarzanie moich danych osobowych w celu przedstawienia mi informacji handlowej dotycz\u0105cej oferty Direct IT, je\u015bli wymaga tego odpowied\u017a na moje zapytanie. Administratorem danych osobowych jest Direct IT sp\u00f3\u0142ka z ograniczon\u0105 odpowiedzialno\u015bci\u0105, ul. Jana Henryka D\u0105browskiego 273A, 60-406 Pozna\u0144, e-mail: rodo@directit.pl. Zach\u0119camy Ci\u0119 do zapoznania si\u0119 z nasz\u0105 Polityk\u0105 Prywatno\u015bci, [&hellip;]<\/p>\n","protected":false},"author":5,"featured_media":0,"parent":0,"menu_order":0,"comment_status":"closed","ping_status":"closed","template":"","meta":{"footnotes":""},"class_list":["post-15524","page","type-page","status-publish","hentry"],"_links":{"self":[{"href":"https:\/\/directit.pl\/en\/wp-json\/wp\/v2\/pages\/15524","targetHints":{"allow":["GET"]}}],"collection":[{"href":"https:\/\/directit.pl\/en\/wp-json\/wp\/v2\/pages"}],"about":[{"href":"https:\/\/directit.pl\/en\/wp-json\/wp\/v2\/types\/page"}],"author":[{"embeddable":true,"href":"https:\/\/directit.pl\/en\/wp-json\/wp\/v2\/users\/5"}],"replies":[{"embeddable":true,"href":"https:\/\/directit.pl\/en\/wp-json\/wp\/v2\/comments?post=15524"}],"version-history":[{"count":1,"href":"https:\/\/directit.pl\/en\/wp-json\/wp\/v2\/pages\/15524\/revisions"}],"predecessor-version":[{"id":15525,"href":"https:\/\/directit.pl\/en\/wp-json\/wp\/v2\/pages\/15524\/revisions\/15525"}],"wp:attachment":[{"href":"https:\/\/directit.pl\/en\/wp-json\/wp\/v2\/media?parent=15524"}],"curies":[{"name":"wp","href":"https:\/\/api.w.org\/{rel}","templated":true}]}}